{"id":15,"date":"2020-06-28T09:24:09","date_gmt":"2020-06-28T09:24:09","guid":{"rendered":"https:\/\/oulehla-real.cz\/?page_id=15"},"modified":"2021-01-17T08:44:32","modified_gmt":"2021-01-17T08:44:32","slug":"home","status":"publish","type":"page","link":"https:\/\/oulehla-real.cz\/","title":{"rendered":"Home"},"content":{"rendered":"<p>[et_pb_section fb_built=&#8220;1&#8243; admin_label=&#8220;Hero&#8220; _builder_version=&#8220;4.4.8&#8243; use_background_color_gradient=&#8220;on&#8220; background_color_gradient_start=&#8220;rgba(40,40,40,0.79)&#8220; background_color_gradient_end=&#8220;rgba(40,40,40,0.86)&#8220; background_color_gradient_type=&#8220;radial&#8220; background_color_gradient_direction_radial=&#8220;top left&#8220; background_color_gradient_overlays_image=&#8220;on&#8220; background_image=&#8220;https:\/\/oulehla-real.cz\/wp-content\/uploads\/2020\/06\/Home-page.jpg&#8220; custom_margin=&#8220;||||false&#8220; custom_padding=&#8220;10vw||10vw||true|false&#8220; top_divider_color=&#8220;rgba(0,0,0,0.29)&#8220; bottom_divider_style=&#8220;arrow2&#8243; bottom_divider_color=&#8220;rgba(0,0,0,0.17)&#8220; bottom_divider_height=&#8220;137px&#8220; bottom_divider_flip=&#8220;horizontal&#8220;][et_pb_row _builder_version=&#8220;3.25&#8243;][et_pb_column type=&#8220;4_4&#8243; _builder_version=&#8220;3.25&#8243; custom_padding=&#8220;|||&#8220; custom_padding__hover=&#8220;|||&#8220;][et_pb_divider color=&#8220;#ffb400&#8243; divider_position=&#8220;center&#8220; divider_weight=&#8220;5px&#8220; _builder_version=&#8220;3.9&#8243; max_width=&#8220;50px&#8220; module_alignment=&#8220;center&#8220; locked=&#8220;off&#8220;][\/et_pb_divider][et_pb_text _builder_version=&#8220;4.4.8&#8243; text_font=&#8220;||||||||&#8220; header_font=&#8220;Rubik|700|||||||&#8220; header_font_size=&#8220;64px&#8220; header_line_height=&#8220;1.1em&#8220; text_orientation=&#8220;center&#8220; background_layout=&#8220;dark&#8220; max_width=&#8220;800px&#8220; module_alignment=&#8220;center&#8220; custom_margin=&#8220;||0px|&#8220; custom_padding=&#8220;|||16px&#8220; text_font_size_tablet=&#8220;14px&#8220; text_font_size_last_edited=&#8220;off|desktop&#8220; header_font_size_tablet=&#8220;44px&#8220; header_font_size_phone=&#8220;32px&#8220; header_font_size_last_edited=&#8220;on|phone&#8220;]<\/p>\n<h1>Oulehla-Real s.r.o.<\/h1>\n<p>[\/et_pb_text][et_pb_text _builder_version=&#8220;4.5.1&#8243; text_font=&#8220;||||||||&#8220; text_font_size=&#8220;22px&#8220; text_line_height=&#8220;1.6em&#8220; header_font=&#8220;||||||||&#8220; text_orientation=&#8220;center&#8220; background_layout=&#8220;dark&#8220; max_width=&#8220;800px&#8220; module_alignment=&#8220;center&#8220; custom_margin=&#8220;|||&#8220; custom_padding=&#8220;20px||20px||true&#8220; text_font_size_tablet=&#8220;18px&#8220; text_font_size_phone=&#8220;&#8220; text_font_size_last_edited=&#8220;on|phone&#8220;]<\/p>\n<p>Zab\u00fdv\u00e1me se stavebn\u00edmi pracemi v oboru pozemn\u00edch staveb, p\u0159ev\u00e1\u017en\u011b v\u00fdstavbou hrub\u00fdch staveb rodinn\u00fdch dom\u016f a podle po\u017eadavku klienta i v\u00fdstavbou rodinn\u00fdch dom\u016f na kl\u00ed\u010d.<\/p>\n<p>[\/et_pb_text][et_pb_button button_text=&#8220;Realizovan\u00e9 projekty&#8220; button_alignment=&#8220;center&#8220; _builder_version=&#8220;4.8.1&#8243; custom_button=&#8220;on&#8220; button_text_size=&#8220;14px&#8220; button_bg_color=&#8220;#ffb400&#8243; button_border_width=&#8220;12px&#8220; button_border_color=&#8220;#ffb400&#8243; button_border_radius=&#8220;0px&#8220; button_letter_spacing=&#8220;4px&#8220; button_font=&#8220;Rubik|700||on|||||&#8220; button_icon=&#8220;%%3%%&#8220; background_layout=&#8220;dark&#8220; custom_margin=&#8220;|||&#8220; hover_enabled=&#8220;0&#8243; button_text_size__hover_enabled=&#8220;off&#8220; button_one_text_size__hover_enabled=&#8220;off&#8220; button_two_text_size__hover_enabled=&#8220;off&#8220; button_text_color__hover_enabled=&#8220;off&#8220; button_one_text_color__hover_enabled=&#8220;off&#8220; button_two_text_color__hover_enabled=&#8220;off&#8220; button_border_width__hover_enabled=&#8220;off&#8220; button_one_border_width__hover_enabled=&#8220;off&#8220; button_two_border_width__hover_enabled=&#8220;off&#8220; button_border_color__hover_enabled=&#8220;off&#8220; button_one_border_color__hover_enabled=&#8220;off&#8220; button_two_border_color__hover_enabled=&#8220;off&#8220; button_border_radius__hover_enabled=&#8220;off&#8220; button_one_border_radius__hover_enabled=&#8220;off&#8220; button_two_border_radius__hover_enabled=&#8220;off&#8220; button_letter_spacing__hover_enabled=&#8220;off&#8220; button_one_letter_spacing__hover_enabled=&#8220;off&#8220; button_two_letter_spacing__hover_enabled=&#8220;off&#8220; button_bg_color__hover_enabled=&#8220;off&#8220; button_one_bg_color__hover_enabled=&#8220;off&#8220; button_two_bg_color__hover_enabled=&#8220;off&#8220; button_url=&#8220;https:\/\/oulehla-real.cz\/?page_id=161&#8243; sticky_enabled=&#8220;0&#8243;][\/et_pb_button][\/et_pb_column][\/et_pb_row][\/et_pb_section][et_pb_section fb_built=&#8220;1&#8243; specialty=&#8220;on&#8220; background_color_2=&#8220;#f7f7f7&#8243; padding_top_bottom_link_1=&#8220;true&#8220; padding_left_right_link_1=&#8220;false&#8220; padding_top_1=&#8220;80px&#8220; padding_top_2=&#8220;60px&#8220; padding_bottom_1=&#8220;80px&#8220; padding_left_1=&#8220;60px&#8220; padding_1_tablet=&#8220;|10%||10%||true&#8220; padding_1_phone=&#8220;&#8220; padding_1_last_edited=&#8220;on|tablet&#8220; admin_label=&#8220;About Us&#8220; _builder_version=&#8220;3.22&#8243; background_color=&#8220;#ffb400&#8243; inner_width=&#8220;100%&#8220; inner_max_width=&#8220;100%&#8220; custom_padding=&#8220;0||0||false|false&#8220; use_custom_width=&#8220;on&#8220; width_unit=&#8220;off&#8220; custom_width_percent=&#8220;100%&#8220;][et_pb_column type=&#8220;1_3&#8243; _builder_version=&#8220;3.25&#8243; custom_padding=&#8220;|||&#8220; padding_tablet=&#8220;|10%||10%||true&#8220; padding_last_edited=&#8220;on|tablet&#8220; custom_padding__hover=&#8220;|||&#8220;][et_pb_blurb title=&#8220;Vysok\u00fd standard slu\u017eeb&#8220; use_icon=&#8220;on&#8220; font_icon=&#8220;%%24%%&#8220; icon_color=&#8220;#ffffff&#8220; icon_placement=&#8220;left&#8220; content_max_width=&#8220;1100px&#8220; use_icon_font_size=&#8220;on&#8220; icon_font_size=&#8220;56px&#8220; content_max_width_tablet=&#8220;1100px&#8220; content_max_width_last_edited=&#8220;off|desktop&#8220; _builder_version=&#8220;4.5.1&#8243; header_font=&#8220;Rubik|700|||||||&#8220; header_line_height=&#8220;1.4em&#8220; body_font=&#8220;||||||||&#8220; body_text_color=&#8220;#ffffff&#8220; body_font_size=&#8220;15px&#8220; body_line_height=&#8220;1.8em&#8220; custom_margin=&#8220;|||&#8220; custom_padding=&#8220;|||&#8220; animation_style=&#8220;slide&#8220; animation_direction=&#8220;right&#8220; animation_intensity_slide=&#8220;10%&#8220; animation=&#8220;off&#8220; locked=&#8220;off&#8220;]<\/p>\n<p>Pr\u00e1ce prov\u00e1d\u00edme se zam\u011b\u0159en\u00edm na kvalitu. Pracujeme s materi\u00e1ly od prov\u011b\u0159en\u00fdch dodavatel\u016f.<\/p>\n<p>[\/et_pb_blurb][et_pb_blurb title=&#8220;Kreativita&#8220; use_icon=&#8220;on&#8220; font_icon=&#8220;%%24%%&#8220; icon_color=&#8220;#ffffff&#8220; icon_placement=&#8220;left&#8220; content_max_width=&#8220;1100px&#8220; use_icon_font_size=&#8220;on&#8220; icon_font_size=&#8220;56px&#8220; content_max_width_tablet=&#8220;1100px&#8220; content_max_width_last_edited=&#8220;off|desktop&#8220; _builder_version=&#8220;4.5.1&#8243; header_font=&#8220;Rubik|700|||||||&#8220; header_line_height=&#8220;1.4em&#8220; body_font=&#8220;||||||||&#8220; body_text_color=&#8220;#ffffff&#8220; body_font_size=&#8220;15px&#8220; body_line_height=&#8220;1.8em&#8220; custom_margin=&#8220;|||&#8220; custom_padding=&#8220;|||&#8220; animation_style=&#8220;slide&#8220; animation_direction=&#8220;right&#8220; animation_intensity_slide=&#8220;10%&#8220; animation=&#8220;off&#8220; locked=&#8220;off&#8220;]<\/p>\n<p>Pro na\u0161e klienty navrhujeme praktick\u00e1 a funk\u010dn\u00ed \u0159e\u0161en\u00ed a na projekty nahl\u00ed\u017e\u00edme optikou klienta.<\/p>\n<p>[\/et_pb_blurb][et_pb_blurb title=&#8220;Individu\u00e1ln\u00ed p\u0159\u00edstup&#8220; use_icon=&#8220;on&#8220; font_icon=&#8220;%%24%%&#8220; icon_color=&#8220;#ffffff&#8220; icon_placement=&#8220;left&#8220; content_max_width=&#8220;1100px&#8220; use_icon_font_size=&#8220;on&#8220; icon_font_size=&#8220;56px&#8220; content_max_width_tablet=&#8220;1100px&#8220; content_max_width_last_edited=&#8220;off|desktop&#8220; _builder_version=&#8220;4.5.1&#8243; header_font=&#8220;Rubik|700|||||||&#8220; header_line_height=&#8220;1.4em&#8220; body_font=&#8220;||||||||&#8220; body_text_color=&#8220;#ffffff&#8220; body_font_size=&#8220;15px&#8220; body_line_height=&#8220;1.8em&#8220; custom_margin=&#8220;|||&#8220; custom_padding=&#8220;|||&#8220; animation_style=&#8220;slide&#8220; animation_direction=&#8220;right&#8220; animation_intensity_slide=&#8220;10%&#8220; animation=&#8220;off&#8220; locked=&#8220;off&#8220;]<\/p>\n<p>Vlastn\u00ed realizaci zak\u00e1zky \u0159e\u0161\u00ed osobn\u011b veden\u00ed spole\u010dnosti.<\/p>\n<p>[\/et_pb_blurb][et_pb_blurb title=&#8220;Dlouholet\u00e1 tradice&#8220; use_icon=&#8220;on&#8220; font_icon=&#8220;%%24%%&#8220; icon_color=&#8220;#ffffff&#8220; icon_placement=&#8220;left&#8220; content_max_width=&#8220;1100px&#8220; use_icon_font_size=&#8220;on&#8220; icon_font_size=&#8220;56px&#8220; content_max_width_tablet=&#8220;1100px&#8220; content_max_width_last_edited=&#8220;off|desktop&#8220; _builder_version=&#8220;4.5.1&#8243; header_font=&#8220;Rubik|700|||||||&#8220; header_line_height=&#8220;1.4em&#8220; body_font=&#8220;||||||||&#8220; body_text_color=&#8220;#ffffff&#8220; body_font_size=&#8220;15px&#8220; body_line_height=&#8220;1.8em&#8220; custom_margin=&#8220;|||&#8220; custom_padding=&#8220;|||&#8220; animation_style=&#8220;slide&#8220; animation_direction=&#8220;right&#8220; animation_intensity_slide=&#8220;10%&#8220; animation=&#8220;off&#8220; locked=&#8220;off&#8220;]<\/p>\n<p>Na trhu se pohybujeme ji\u017e t\u00e9m\u011b\u0159 20 let. Na\u0161e zku\u0161enosti se tak sna\u017e\u00edme p\u0159en\u00e1\u0161et do n\u00e1mi realizovan\u00fdch staveb.<\/p>\n<p>[\/et_pb_blurb][\/et_pb_column][et_pb_column type=&#8220;2_3&#8243; specialty_columns=&#8220;2&#8243; _builder_version=&#8220;3.25&#8243; background_color=&#8220;#f7f7f7&#8243; custom_padding=&#8220;|||&#8220; custom_padding__hover=&#8220;|||&#8220;][et_pb_row_inner custom_padding_last_edited=&#8220;on|tablet&#8220; _builder_version=&#8220;3.25&#8243; custom_margin=&#8220;|||&#8220; custom_padding=&#8220;|8vw|45px|8vw|false|false&#8220; custom_padding_tablet=&#8220;|40px||40px||true&#8220; custom_padding_phone=&#8220;&#8220;][et_pb_column_inner saved_specialty_column_type=&#8220;2_3&#8243; _builder_version=&#8220;3.25&#8243; custom_padding=&#8220;|||&#8220; custom_padding__hover=&#8220;|||&#8220;][et_pb_text _builder_version=&#8220;4.4.8&#8243; text_font=&#8220;||||||||&#8220; header_font=&#8220;||||||||&#8220; header_2_font=&#8220;Rubik|700|||||||&#8220; header_2_font_size=&#8220;42px&#8220; header_2_line_height=&#8220;1.2em&#8220; module_alignment=&#8220;center&#8220; custom_margin=&#8220;|||&#8220; custom_padding=&#8220;|||&#8220; header_2_font_size_tablet=&#8220;&#8220; header_2_font_size_phone=&#8220;36px&#8220; header_2_font_size_last_edited=&#8220;on|phone&#8220; locked=&#8220;off&#8220;]<\/p>\n<h2>P\u00e1r slov \u00favodem<\/h2>\n<p>[\/et_pb_text][et_pb_divider color=&#8220;#ffb400&#8243; divider_position=&#8220;center&#8220; divider_weight=&#8220;5px&#8220; _builder_version=&#8220;3.9&#8243; max_width=&#8220;50px&#8220;][\/et_pb_divider][\/et_pb_column_inner][\/et_pb_row_inner][et_pb_row_inner column_structure=&#8220;1_2,1_2&#8243; use_custom_gutter=&#8220;on&#8220; custom_padding_last_edited=&#8220;on|tablet&#8220; _builder_version=&#8220;3.25&#8243; module_alignment=&#8220;center&#8220; custom_margin=&#8220;|||&#8220; custom_padding=&#8220;0px|8vw|0px|8vw|true|true&#8220; custom_padding_tablet=&#8220;|40px||40px||true&#8220; custom_padding_phone=&#8220;&#8220;][et_pb_column_inner type=&#8220;1_2&#8243; saved_specialty_column_type=&#8220;2_3&#8243; _builder_version=&#8220;3.25&#8243; custom_padding=&#8220;|||&#8220; custom_padding_tablet=&#8220;|0px||&#8220; custom_padding_last_edited=&#8220;off|desktop&#8220; padding_tablet=&#8220;|0px||&#8220; padding_last_edited=&#8220;off|desktop&#8220; custom_padding__hover=&#8220;|||&#8220;][et_pb_text _builder_version=&#8220;4.4.8&#8243; text_font=&#8220;||||||||&#8220; text_font_size=&#8220;15px&#8220; text_line_height=&#8220;1.8em&#8220; custom_padding=&#8220;|||&#8220; custom_padding_tablet=&#8220;|40px||40px||true&#8220; custom_padding_last_edited=&#8220;off|desktop&#8220;]<\/p>\n<p style=\"text-align: justify;\">Firma OULEHLA-REAL s.r.o. vznikla v roce 1999 jako fyzick\u00e1 osoba, zab\u00fdvaj\u00edc\u00ed se stavebn\u00edmi pracemi v oboru pozemn\u00edch staveb, p\u0159ev\u00e1\u017en\u011b zednick\u00fdmi a obklada\u010dsk\u00fdmi pracemi. V n\u00e1sleduj\u00edc\u00edch letech svou \u010dinnost v\u00fdrazn\u011b roz\u0161\u00ed\u0159ila a pot\u00e9 se transformovala v roce 2006 na spole\u010dnost s ru\u010den\u00edm omezen\u00fdm. Firma svoji \u010dinnost zam\u011b\u0159uje p\u0159edev\u0161\u00edm na dod\u00e1vky komplexn\u00edch stavebn\u00edch prac\u00ed, stejn\u011b jako d\u00edl\u010d\u00edch kooperac\u00ed.<\/p>\n<p>[\/et_pb_text][\/et_pb_column_inner][et_pb_column_inner type=&#8220;1_2&#8243; saved_specialty_column_type=&#8220;2_3&#8243; _builder_version=&#8220;3.25&#8243; custom_padding=&#8220;|||&#8220; custom_padding__hover=&#8220;|||&#8220;][et_pb_text _builder_version=&#8220;4.4.8&#8243; text_font=&#8220;||||||||&#8220; text_font_size=&#8220;15px&#8220; text_line_height=&#8220;1.8em&#8220; locked=&#8220;off&#8220;]<\/p>\n<p style=\"text-align: justify;\">Firma je schopna zabezpe\u010dit komplexn\u00ed sortiment prac\u00ed p\u0159i renovaci a oprav\u00e1ch bytov\u00fdch a nebytov\u00fdch prostor, v\u00fdstavbu pr\u016fmyslov\u00fdch objekt\u016f, v\u00fdstavbu rodinn\u00fdch dom\u016f a zateplen\u00ed fas\u00e1d. Tak\u00e9 zaji\u0161\u0165uje prov\u00e1d\u011bn\u00ed ter\u00e9nn\u00edch \u00faprav v\u010detn\u011b pokl\u00e1dky z\u00e1mkov\u00e9 dla\u017eby. V sou\u010dasn\u00e9 dob\u011b firma pro v\u00fdkon sv\u00e9 \u010dinnosti na z\u00e1klad\u011b po\u017eadavku investora zaji\u0161\u0165uje vypracov\u00e1n\u00ed projektov\u00e9 dokumentace, cenov\u00e9 n\u00e1vrhy a ve\u0161kerou in\u017een\u00fdrskou \u010dinnost.<\/p>\n<p>[\/et_pb_text][\/et_pb_column_inner][\/et_pb_row_inner][et_pb_row_inner column_structure=&#8220;1_2,1_2&#8243; padding_top_bottom_link_1=&#8220;true&#8220; padding_top_bottom_link_2=&#8220;true&#8220; padding_left_right_link_1=&#8220;true&#8220; padding_left_right_link_2=&#8220;true&#8220; _builder_version=&#8220;3.25&#8243; background_color=&#8220;#2a2a2a&#8220; custom_margin=&#8220;120px||0px|&#8220; custom_padding=&#8220;0px||0px||true&#8220;][et_pb_column_inner type=&#8220;1_2&#8243; saved_specialty_column_type=&#8220;2_3&#8243; _builder_version=&#8220;3.25&#8243; custom_padding=&#8220;35px|30px|35px|30px&#8220; custom_padding__hover=&#8220;|||&#8220;][et_pb_text _builder_version=&#8220;4.4.8&#8243; text_font=&#8220;||||||||&#8220; header_font=&#8220;||||||||&#8220; header_2_font=&#8220;||||||||&#8220; header_3_font=&#8220;Rubik|700|||||||&#8220; header_3_font_size=&#8220;30px&#8220; header_3_line_height=&#8220;1.4em&#8220; header_4_font=&#8220;Rubik||||||||&#8220; header_4_font_size=&#8220;24px&#8220; header_4_letter_spacing=&#8220;3px&#8220; header_4_line_height=&#8220;1.4em&#8220; background_layout=&#8220;dark&#8220; box_shadow_style=&#8220;preset3&#8243; box_shadow_vertical=&#8220;30px&#8220; box_shadow_blur=&#8220;65px&#8220; box_shadow_spread=&#8220;-30px&#8220; box_shadow_color=&#8220;rgba(0,0,0,0.35)&#8220;]<\/p>\n<h3>Nez\u00e1v\u00e1zn\u00e1 konzultace<\/h3>\n<p>[\/et_pb_text][\/et_pb_column_inner][et_pb_column_inner type=&#8220;1_2&#8243; saved_specialty_column_type=&#8220;2_3&#8243; _builder_version=&#8220;3.25&#8243; custom_padding=&#8220;35px|30px|35px|30px&#8220; custom_padding__hover=&#8220;|||&#8220;][et_pb_button button_text=&#8220;Kontaktn\u00ed formul\u00e1\u0159&#8220; button_alignment=&#8220;left&#8220; _builder_version=&#8220;4.4.8&#8243; custom_button=&#8220;on&#8220; button_text_size=&#8220;14px&#8220; button_text_color=&#8220;#ffb400&#8243; button_border_width=&#8220;4px&#8220; button_border_color=&#8220;#ffb400&#8243; button_border_radius=&#8220;0px&#8220; button_letter_spacing=&#8220;4px&#8220; button_font=&#8220;Arimo|700||on|||||&#8220; button_icon=&#8220;%%3%%&#8220; custom_margin=&#8220;|||&#8220; custom_padding=&#8220;12px|30px|12px|30px|true|true&#8220; button_text_color_hover=&#8220;#ffffff&#8220; button_border_color_hover=&#8220;#ffb400&#8243; button_bg_color_hover=&#8220;#ffb400&#8243; locked=&#8220;off&#8220; button_text_size__hover_enabled=&#8220;off&#8220; button_one_text_size__hover_enabled=&#8220;off&#8220; button_two_text_size__hover_enabled=&#8220;off&#8220; button_text_color__hover_enabled=&#8220;on&#8220; button_text_color__hover=&#8220;#ffffff&#8220; button_one_text_color__hover_enabled=&#8220;off&#8220; button_two_text_color__hover_enabled=&#8220;off&#8220; button_border_width__hover_enabled=&#8220;off&#8220; button_one_border_width__hover_enabled=&#8220;off&#8220; button_two_border_width__hover_enabled=&#8220;off&#8220; button_border_color__hover_enabled=&#8220;on&#8220; button_border_color__hover=&#8220;#ffb400&#8243; button_one_border_color__hover_enabled=&#8220;off&#8220; button_two_border_color__hover_enabled=&#8220;off&#8220; button_border_radius__hover_enabled=&#8220;off&#8220; button_one_border_radius__hover_enabled=&#8220;off&#8220; button_two_border_radius__hover_enabled=&#8220;off&#8220; button_letter_spacing__hover_enabled=&#8220;off&#8220; button_one_letter_spacing__hover_enabled=&#8220;off&#8220; button_two_letter_spacing__hover_enabled=&#8220;off&#8220; button_bg_color__hover_enabled=&#8220;on&#8220; button_bg_color__hover=&#8220;#ffb400&#8243; button_one_bg_color__hover_enabled=&#8220;off&#8220; button_two_bg_color__hover_enabled=&#8220;off&#8220;][\/et_pb_button][\/et_pb_column_inner][\/et_pb_row_inner][\/et_pb_column][\/et_pb_section][et_pb_section fb_built=&#8220;1&#8243; admin_label=&#8220;Testimonials&#8220; _builder_version=&#8220;4.4.8&#8243; background_enable_color=&#8220;off&#8220;][et_pb_row _builder_version=&#8220;3.25&#8243; locked=&#8220;off&#8220;][et_pb_column type=&#8220;4_4&#8243; _builder_version=&#8220;3.25&#8243; custom_padding=&#8220;|||&#8220; custom_padding__hover=&#8220;|||&#8220;][et_pb_text _builder_version=&#8220;4.4.8&#8243; text_font=&#8220;||||||||&#8220; header_font=&#8220;||||||||&#8220; header_2_font=&#8220;Rubik|700|||||||&#8220; header_2_font_size=&#8220;42px&#8220; header_2_line_height=&#8220;1.2em&#8220; text_orientation=&#8220;center&#8220; module_alignment=&#8220;center&#8220; custom_margin=&#8220;|||&#8220; custom_padding=&#8220;|||&#8220; header_2_font_size_tablet=&#8220;&#8220; header_2_font_size_phone=&#8220;36px&#8220; header_2_font_size_last_edited=&#8220;on|phone&#8220; locked=&#8220;off&#8220;]<\/p>\n<h2>Kvalitn\u00ed materi\u00e1ly od renomovan\u00fdch spole\u010dnost\u00ed<\/h2>\n<p>[\/et_pb_text][et_pb_divider color=&#8220;#ffb400&#8243; divider_position=&#8220;center&#8220; divider_weight=&#8220;5px&#8220; _builder_version=&#8220;3.9&#8243; max_width=&#8220;50px&#8220; module_alignment=&#8220;center&#8220; locked=&#8220;off&#8220;][\/et_pb_divider][\/et_pb_column][\/et_pb_row][et_pb_row column_structure=&#8220;1_4,1_4,1_4,1_4&#8243; admin_label=&#8220;Client Row&#8220; _builder_version=&#8220;3.25&#8243; custom_margin=&#8220;80px|||&#8220; custom_padding=&#8220;10px||10px||true&#8220;][et_pb_column type=&#8220;1_4&#8243; _builder_version=&#8220;3.25&#8243; custom_padding=&#8220;|||&#8220; custom_padding__hover=&#8220;|||&#8220;][et_pb_image src=&#8220;https:\/\/oulehla-real.cz\/wp-content\/uploads\/2020\/06\/HELUZ_Corporate_CMYK.jpg&#8220; alt=&#8220;Heluz &#8211; Oulehla-Real s.r.o.&#8220; title_text=&#8220;HELUZ_Corporate_CMYK&#8220; align=&#8220;center&#8220; align_tablet=&#8220;center&#8220; align_phone=&#8220;&#8220; align_last_edited=&#8220;on|desktop&#8220; _builder_version=&#8220;4.4.8&#8243;][\/et_pb_image][\/et_pb_column][et_pb_column type=&#8220;1_4&#8243; _builder_version=&#8220;3.25&#8243; custom_padding=&#8220;|||&#8220; custom_padding__hover=&#8220;|||&#8220;][et_pb_image src=&#8220;https:\/\/oulehla-real.cz\/wp-content\/uploads\/2020\/06\/CZ_MKT_logo_Porotherm.jpg&#8220; alt=&#8220;Porotherm &#8211; Oulehla-Real s.r.o.&#8220; title_text=&#8220;HELUZ_Corporate_CMYK&#8220; align=&#8220;center&#8220; align_tablet=&#8220;center&#8220; align_phone=&#8220;&#8220; align_last_edited=&#8220;on|desktop&#8220; _builder_version=&#8220;4.4.8&#8243; locked=&#8220;off&#8220;][\/et_pb_image][\/et_pb_column][et_pb_column type=&#8220;1_4&#8243; _builder_version=&#8220;3.25&#8243; custom_padding=&#8220;|||&#8220; custom_padding__hover=&#8220;|||&#8220;][et_pb_image src=&#8220;https:\/\/oulehla-real.cz\/wp-content\/uploads\/2020\/06\/Ytong.jpg&#8220; alt=&#8220;Ytong &#8211; Oulehla-Real s.r.o.&#8220; title_text=&#8220;HELUZ_Corporate_CMYK&#8220; align=&#8220;center&#8220; align_tablet=&#8220;center&#8220; align_phone=&#8220;&#8220; align_last_edited=&#8220;on|desktop&#8220; _builder_version=&#8220;4.4.8&#8243; transform_scale=&#8220;144%|144%&#8220; locked=&#8220;off&#8220;][\/et_pb_image][\/et_pb_column][et_pb_column type=&#8220;1_4&#8243; _builder_version=&#8220;3.25&#8243; custom_padding=&#8220;|||&#8220; custom_padding__hover=&#8220;|||&#8220;][et_pb_image src=&#8220;https:\/\/oulehla-real.cz\/wp-content\/uploads\/2020\/06\/Bramac.jpg&#8220; alt=&#8220;Bramac &#8211; Oulehla-Real s.r.o.&#8220; title_text=&#8220;HELUZ_Corporate_CMYK&#8220; align=&#8220;center&#8220; align_tablet=&#8220;center&#8220; align_phone=&#8220;&#8220; align_last_edited=&#8220;on|desktop&#8220; _builder_version=&#8220;4.4.8&#8243; locked=&#8220;off&#8220;][\/et_pb_image][\/et_pb_column][\/et_pb_row][et_pb_row column_structure=&#8220;1_4,1_4,1_4,1_4&#8243; admin_label=&#8220;Client Row&#8220; _builder_version=&#8220;3.25&#8243; custom_padding=&#8220;64px||64px||true|&#8220;][et_pb_column type=&#8220;1_4&#8243; _builder_version=&#8220;3.25&#8243; custom_padding=&#8220;|||&#8220; custom_padding__hover=&#8220;|||&#8220;][\/et_pb_column][et_pb_column type=&#8220;1_4&#8243; _builder_version=&#8220;3.25&#8243; custom_padding=&#8220;|||&#8220; custom_padding__hover=&#8220;|||&#8220;][et_pb_image src=&#8220;https:\/\/oulehla-real.cz\/wp-content\/uploads\/2020\/06\/Cemix.jpg&#8220; alt=&#8220;Cemix &#8211; Oulehla-Real s.r.o.&#8220; title_text=&#8220;HELUZ_Corporate_CMYK&#8220; align=&#8220;center&#8220; align_tablet=&#8220;center&#8220; align_phone=&#8220;&#8220; align_last_edited=&#8220;on|desktop&#8220; _builder_version=&#8220;4.4.8&#8243; transform_scale=&#8220;156%|156%&#8220; locked=&#8220;off&#8220;][\/et_pb_image][\/et_pb_column][et_pb_column type=&#8220;1_4&#8243; _builder_version=&#8220;3.25&#8243; custom_padding=&#8220;|||&#8220; custom_padding__hover=&#8220;|||&#8220;][et_pb_image src=&#8220;https:\/\/oulehla-real.cz\/wp-content\/uploads\/2020\/06\/Baumit.com_logo_CMYK.jpg.jpg&#8220; alt=&#8220;Baumit &#8211; Oulehla-Real s.r.o.&#8220; title_text=&#8220;HELUZ_Corporate_CMYK&#8220; align=&#8220;center&#8220; align_tablet=&#8220;center&#8220; align_phone=&#8220;&#8220; align_last_edited=&#8220;on|desktop&#8220; _builder_version=&#8220;4.4.8&#8243; transform_scale=&#8220;192%|192%&#8220; locked=&#8220;off&#8220;][\/et_pb_image][\/et_pb_column][et_pb_column type=&#8220;1_4&#8243; _builder_version=&#8220;3.25&#8243; custom_padding=&#8220;|||&#8220; custom_padding__hover=&#8220;|||&#8220;][\/et_pb_column][\/et_pb_row][\/et_pb_section]<\/p>\n","protected":false},"excerpt":{"rendered":"<p>Oulehla-Real s.r.o.Zab\u00fdv\u00e1me se stavebn\u00edmi pracemi v oboru pozemn\u00edch staveb, p\u0159ev\u00e1\u017en\u011b v\u00fdstavbou hrub\u00fdch staveb rodinn\u00fdch dom\u016f a podle po\u017eadavku klienta i v\u00fdstavbou rodinn\u00fdch dom\u016f na kl\u00ed\u010d.Pr\u00e1ce prov\u00e1d\u00edme se zam\u011b\u0159en\u00edm na kvalitu. Pracujeme s materi\u00e1ly od prov\u011b\u0159en\u00fdch dodavatel\u016f.Pro na\u0161e klienty navrhujeme praktick\u00e1 a funk\u010dn\u00ed \u0159e\u0161en\u00ed a na projekty nahl\u00ed\u017e\u00edme optikou klienta.Vlastn\u00ed realizaci zak\u00e1zky \u0159e\u0161\u00ed osobn\u011b veden\u00ed spole\u010dnosti.Na [&hellip;]<\/p>\n","protected":false},"author":1,"featured_media":0,"parent":0,"menu_order":0,"comment_status":"closed","ping_status":"closed","template":"","meta":{"_et_pb_use_builder":"on","_et_pb_old_content":"","_et_gb_content_width":""},"_links":{"self":[{"href":"https:\/\/oulehla-real.cz\/index.php?rest_route=\/wp\/v2\/pages\/15"}],"collection":[{"href":"https:\/\/oulehla-real.cz\/index.php?rest_route=\/wp\/v2\/pages"}],"about":[{"href":"https:\/\/oulehla-real.cz\/index.php?rest_route=\/wp\/v2\/types\/page"}],"author":[{"embeddable":true,"href":"https:\/\/oulehla-real.cz\/index.php?rest_route=\/wp\/v2\/users\/1"}],"replies":[{"embeddable":true,"href":"https:\/\/oulehla-real.cz\/index.php?rest_route=%2Fwp%2Fv2%2Fcomments&post=15"}],"version-history":[{"count":26,"href":"https:\/\/oulehla-real.cz\/index.php?rest_route=\/wp\/v2\/pages\/15\/revisions"}],"predecessor-version":[{"id":298,"href":"https:\/\/oulehla-real.cz\/index.php?rest_route=\/wp\/v2\/pages\/15\/revisions\/298"}],"wp:attachment":[{"href":"https:\/\/oulehla-real.cz\/index.php?rest_route=%2Fwp%2Fv2%2Fmedia&parent=15"}],"curies":[{"name":"wp","href":"https:\/\/api.w.org\/{rel}","templated":true}]}}